{"id":257,"date":"2023-04-13T09:58:55","date_gmt":"2023-04-13T07:58:55","guid":{"rendered":"https:\/\/stadtrad.ivb.at\/?page_id=257"},"modified":"2023-04-13T09:58:55","modified_gmt":"2023-04-13T07:58:55","slug":"gebuehr","status":"publish","type":"page","link":"https:\/\/www.stadtrad-innsbruck.at\/de\/gebuehr\/","title":{"rendered":"Geb\u00fchr"},"content":{"rendered":"<div class=\"wpb_text_column wpb_content_element \">\n<div class=\"wpb_wrapper\">\n<h2>Information zur Geb\u00fchr<\/h2>\n<\/div>\n<\/div>\n<div class=\"wpb_text_column wpb_content_element \">\n<div class=\"wpb_wrapper\">\n<div class=\"row_wrap\">\n<div class=\"wp-block-columns row_xxl\">\n<div class=\"wp-block-column col-12 col-sm-auto\">\n<p><strong>Anfallende Geb\u00fchr in H\u00f6he von 20 \u20ac<br \/>\n<\/strong>Du hast das Rad unsachgem\u00e4\u00df abseits einer offiziellen Station, oder das Lastenrad abseits seiner Heimatstation in Innsbruck zur\u00fcckgegeben. Hierf\u00fcr wird eine Geb\u00fchr von 20 \u20ac pro Ausleihe f\u00e4llig. Bei der ersten unsachgem\u00e4\u00dfen R\u00fcckgabe abseits einer Station berechnen wir diesen noch nicht. Bei Wiederholung wird die Geb\u00fchr automatisch berechnet. Angefallene Geb\u00fchren kannst du in der Ausleih-Historie in deiner App oder in deinem Kundenkonto \u00fcber den Webseiten-Login einsehen.<\/p>\n<p><strong>Du kannst die Geb\u00fchr noch abwenden:<\/strong> Gehe zur\u00fcck zum Rad und leihe es erneut aus. Gib es ordnungsgem\u00e4\u00df zur\u00fcck. Die neue Ausleihe wird mit der alten verschmolzen, d.h. der Ausleihpreis berechnet sich neu zwischen Start der ersten und Ende der zweiten Ausleihe. Die Geb\u00fchr f\u00fcr unsachgem\u00e4\u00dfe R\u00fcckgabe wird daf\u00fcr gel\u00f6scht.<strong><br \/>\n<\/strong><\/p>\n<p>&nbsp;<\/p>\n<\/div>\n<\/div>\n<\/div>\n<\/div>\n<\/div>\n<div class=\"wpb_text_column wpb_content_element \">\n<div class=\"wpb_wrapper\">\n<div class=\"row_wrap\">\n<div class=\"wp-block-columns row_xxl\">\n<div class=\"wp-block-column col-12 col-sm-auto\">\n<h3><strong>Welche R\u00fcckgabe-Optionen hast du in Innsbruck?<\/strong><\/h3>\n<p>R\u00e4der d\u00fcrfen nicht abseits von offiziellen Stationen in Innsbruck abgestellt werden. Lastenr\u00e4der m\u00fcssen an der Station zur\u00fcckgegeben werden, an der sie entliehen wurden. F\u00fcr unsachgem\u00e4\u00dfe R\u00fcckgaben wird automatisch eine Geb\u00fchr von mind. 20 \u20ac berechnet.<\/p>\n<p><strong>An Stationen<\/strong><br \/>\nDu kannst unsere R\u00e4der in Innsbruck an jeder offiziellen Station zur\u00fcckgeben. Lastenr\u00e4der d\u00fcrfen nur an ihrer Heimatstation zur\u00fcckgegeben werden. Die Stationen sind teilweise virtuell, d.h. in der Karte mit gro\u00dfen Markern gekennzeichnet, es gibt jedoch nicht \u00fcberall Stationsschilder vor Ort.<\/p>\n<p>&nbsp;<\/p>\n<\/div>\n<\/div>\n<\/div>\n<\/div>\n<\/div>\n<div class=\"wpb_text_column wpb_content_element \">\n<div class=\"wpb_wrapper\">\n<div class=\"row_wrap\">\n<div class=\"wp-block-columns row_xxl\">\n<div class=\"wp-block-column col-12 col-sm-auto\">\n<p><strong>Irrt\u00fcmliche Geb\u00fchren? Was nun?<\/strong><br \/>\nAufgrund von leichten GPS-Abweichungen kann es passieren, dass dir eine Geb\u00fchr f\u00fcr unsachgem\u00e4\u00dfe R\u00fcckgabe berechnet wird, obwohl du das Rad an einer Station abgestellt hast. Kein Problem. Kontaktiere unsere Hotline unter +49 (0) 30 69205046 oder schicke uns eine Nachricht per App mit deiner registrierten Handynummer, Radnummer und kurzer Schilderung des Sachverhalts. Wir berichtigen die Ausleihe.<\/p>\n<p><strong>Ausleihen verschmelzen?<\/strong><br \/>\nAufeinanderfolgende Ausleihen desselben Rads werden miteinander verschmolzen, wenn dies f\u00fcr den Nutzer die preiswertere Option ist. Konkret bedeutet dies, dass die endg\u00fcltige Ausleihdauer sich aus Startzeit der ersten und R\u00fcckgabezeit der zweiten Ausleihe berechnet. Die Pause zwischen den beiden Ausleihen wird dann ebenfalls zur Fahrtzeit hinzugef\u00fcgt.<\/p>\n<p>W\u00e4re eine Verschmelzung beider Ausleihen die teurere Option, werden beide Ausleihen einzeln abgerechnet. Den endg\u00fcltigen Preis f\u00fcr deine Ausleihen kannst du in deiner Historie in deiner App oder in deinem Kundenkonto \u00fcber den Webseiten-Login einsehen.<\/p>\n<\/div>\n<\/div>\n<\/div>\n<\/div>\n<\/div>\n","protected":false},"excerpt":{"rendered":"<p>Information zur Geb\u00fchr Anfallende Geb\u00fchr in H\u00f6he von 20 \u20ac Du hast das Rad unsachgem\u00e4\u00df abseits einer offiziellen Station, oder das Lastenrad abseits seiner Heimatstation in Innsbruck zur\u00fcckgegeben. Hierf\u00fcr wird eine Geb\u00fchr von 20 \u20ac pro Ausleihe f\u00e4llig. Bei der ersten unsachgem\u00e4\u00dfen R\u00fcckgabe abseits einer Station berechnen wir diesen noch nicht. Bei Wiederholung wird die [&hellip;]<\/p>\n","protected":false},"author":13,"featured_media":0,"parent":0,"menu_order":0,"comment_status":"closed","ping_status":"closed","template":"page-bubble.php","meta":{"_acf_changed":false,"inline_featured_image":false,"footnotes":""},"class_list":["post-257","page","type-page","status-publish","hentry"],"acf":[],"yoast_head":"<!-- This site is optimized with the Yoast SEO plugin v27.2 - https:\/\/yoast.com\/product\/yoast-seo-wordpress\/ -->\n<title>Geb\u00fchr - IVB Stadtrad Innsbruck<\/title>\n<meta name=\"robots\" content=\"index, follow, max-snippet:-1, max-image-preview:large, max-video-preview:-1\" \/>\n<link rel=\"canonical\" href=\"https:\/\/www.stadtrad-innsbruck.at\/de\/gebuehr\/\" \/>\n<meta property=\"og:locale\" content=\"de_DE\" \/>\n<meta property=\"og:type\" content=\"article\" \/>\n<meta property=\"og:title\" content=\"Geb\u00fchr - IVB Stadtrad Innsbruck\" \/>\n<meta property=\"og:description\" content=\"Information zur Geb\u00fchr Anfallende Geb\u00fchr in H\u00f6he von 20 \u20ac Du hast das Rad unsachgem\u00e4\u00df abseits einer offiziellen Station, oder das Lastenrad abseits seiner Heimatstation in Innsbruck zur\u00fcckgegeben. Hierf\u00fcr wird eine Geb\u00fchr von 20 \u20ac pro Ausleihe f\u00e4llig. Bei der ersten unsachgem\u00e4\u00dfen R\u00fcckgabe abseits einer Station berechnen wir diesen noch nicht. Bei Wiederholung wird die [&hellip;]\" \/>\n<meta property=\"og:url\" content=\"https:\/\/www.stadtrad-innsbruck.at\/de\/gebuehr\/\" \/>\n<meta property=\"og:site_name\" content=\"IVB Stadtrad Innsbruck\" \/>\n<meta name=\"twitter:card\" content=\"summary_large_image\" \/>\n<meta name=\"twitter:label1\" content=\"Gesch\u00e4tzte Lesezeit\" \/>\n\t<meta name=\"twitter:data1\" content=\"2\u00a0Minuten\" \/>\n<script type=\"application\/ld+json\" class=\"yoast-schema-graph\">{\"@context\":\"https:\/\/schema.org\",\"@graph\":[{\"@type\":\"WebPage\",\"@id\":\"https:\/\/www.stadtrad-innsbruck.at\/de\/gebuehr\/\",\"url\":\"https:\/\/www.stadtrad-innsbruck.at\/de\/gebuehr\/\",\"name\":\"Geb\u00fchr - IVB Stadtrad Innsbruck\",\"isPartOf\":{\"@id\":\"https:\/\/www.stadtrad-innsbruck.at\/de\/#website\"},\"datePublished\":\"2023-04-13T07:58:55+00:00\",\"breadcrumb\":{\"@id\":\"https:\/\/www.stadtrad-innsbruck.at\/de\/gebuehr\/#breadcrumb\"},\"inLanguage\":\"de\",\"potentialAction\":[{\"@type\":\"ReadAction\",\"target\":[\"https:\/\/www.stadtrad-innsbruck.at\/de\/gebuehr\/\"]}]},{\"@type\":\"BreadcrumbList\",\"@id\":\"https:\/\/www.stadtrad-innsbruck.at\/de\/gebuehr\/#breadcrumb\",\"itemListElement\":[{\"@type\":\"ListItem\",\"position\":1,\"name\":\"Startseite\",\"item\":\"https:\/\/www.stadtrad-innsbruck.at\/de\/\"},{\"@type\":\"ListItem\",\"position\":2,\"name\":\"Geb\u00fchr\"}]},{\"@type\":\"WebSite\",\"@id\":\"https:\/\/www.stadtrad-innsbruck.at\/de\/#website\",\"url\":\"https:\/\/www.stadtrad-innsbruck.at\/de\/\",\"name\":\"IVB Stadtrad Innsbruck\",\"description\":\"Jetzt IVB Stadtrad in Innsbruck fahren\",\"potentialAction\":[{\"@type\":\"SearchAction\",\"target\":{\"@type\":\"EntryPoint\",\"urlTemplate\":\"https:\/\/www.stadtrad-innsbruck.at\/de\/?s={search_term_string}\"},\"query-input\":{\"@type\":\"PropertyValueSpecification\",\"valueRequired\":true,\"valueName\":\"search_term_string\"}}],\"inLanguage\":\"de\"}]}<\/script>\n<!-- \/ Yoast SEO plugin. -->","yoast_head_json":{"title":"Geb\u00fchr - IVB Stadtrad Innsbruck","robots":{"index":"index","follow":"follow","max-snippet":"max-snippet:-1","max-image-preview":"max-image-preview:large","max-video-preview":"max-video-preview:-1"},"canonical":"https:\/\/www.stadtrad-innsbruck.at\/de\/gebuehr\/","og_locale":"de_DE","og_type":"article","og_title":"Geb\u00fchr - IVB Stadtrad Innsbruck","og_description":"Information zur Geb\u00fchr Anfallende Geb\u00fchr in H\u00f6he von 20 \u20ac Du hast das Rad unsachgem\u00e4\u00df abseits einer offiziellen Station, oder das Lastenrad abseits seiner Heimatstation in Innsbruck zur\u00fcckgegeben. Hierf\u00fcr wird eine Geb\u00fchr von 20 \u20ac pro Ausleihe f\u00e4llig. Bei der ersten unsachgem\u00e4\u00dfen R\u00fcckgabe abseits einer Station berechnen wir diesen noch nicht. Bei Wiederholung wird die [&hellip;]","og_url":"https:\/\/www.stadtrad-innsbruck.at\/de\/gebuehr\/","og_site_name":"IVB Stadtrad Innsbruck","twitter_card":"summary_large_image","twitter_misc":{"Gesch\u00e4tzte Lesezeit":"2\u00a0Minuten"},"schema":{"@context":"https:\/\/schema.org","@graph":[{"@type":"WebPage","@id":"https:\/\/www.stadtrad-innsbruck.at\/de\/gebuehr\/","url":"https:\/\/www.stadtrad-innsbruck.at\/de\/gebuehr\/","name":"Geb\u00fchr - IVB Stadtrad Innsbruck","isPartOf":{"@id":"https:\/\/www.stadtrad-innsbruck.at\/de\/#website"},"datePublished":"2023-04-13T07:58:55+00:00","breadcrumb":{"@id":"https:\/\/www.stadtrad-innsbruck.at\/de\/gebuehr\/#breadcrumb"},"inLanguage":"de","potentialAction":[{"@type":"ReadAction","target":["https:\/\/www.stadtrad-innsbruck.at\/de\/gebuehr\/"]}]},{"@type":"BreadcrumbList","@id":"https:\/\/www.stadtrad-innsbruck.at\/de\/gebuehr\/#breadcrumb","itemListElement":[{"@type":"ListItem","position":1,"name":"Startseite","item":"https:\/\/www.stadtrad-innsbruck.at\/de\/"},{"@type":"ListItem","position":2,"name":"Geb\u00fchr"}]},{"@type":"WebSite","@id":"https:\/\/www.stadtrad-innsbruck.at\/de\/#website","url":"https:\/\/www.stadtrad-innsbruck.at\/de\/","name":"IVB Stadtrad Innsbruck","description":"Jetzt IVB Stadtrad in Innsbruck fahren","potentialAction":[{"@type":"SearchAction","target":{"@type":"EntryPoint","urlTemplate":"https:\/\/www.stadtrad-innsbruck.at\/de\/?s={search_term_string}"},"query-input":{"@type":"PropertyValueSpecification","valueRequired":true,"valueName":"search_term_string"}}],"inLanguage":"de"}]}},"_links":{"self":[{"href":"https:\/\/www.stadtrad-innsbruck.at\/de\/wp-json\/wp\/v2\/pages\/257","targetHints":{"allow":["GET"]}}],"collection":[{"href":"https:\/\/www.stadtrad-innsbruck.at\/de\/wp-json\/wp\/v2\/pages"}],"about":[{"href":"https:\/\/www.stadtrad-innsbruck.at\/de\/wp-json\/wp\/v2\/types\/page"}],"author":[{"embeddable":true,"href":"https:\/\/www.stadtrad-innsbruck.at\/de\/wp-json\/wp\/v2\/users\/13"}],"replies":[{"embeddable":true,"href":"https:\/\/www.stadtrad-innsbruck.at\/de\/wp-json\/wp\/v2\/comments?post=257"}],"version-history":[{"count":1,"href":"https:\/\/www.stadtrad-innsbruck.at\/de\/wp-json\/wp\/v2\/pages\/257\/revisions"}],"predecessor-version":[{"id":258,"href":"https:\/\/www.stadtrad-innsbruck.at\/de\/wp-json\/wp\/v2\/pages\/257\/revisions\/258"}],"wp:attachment":[{"href":"https:\/\/www.stadtrad-innsbruck.at\/de\/wp-json\/wp\/v2\/media?parent=257"}],"curies":[{"name":"wp","href":"https:\/\/api.w.org\/{rel}","templated":true}]}}